{"id":4539,"date":"2021-07-22T13:12:42","date_gmt":"2021-07-22T13:12:42","guid":{"rendered":"https:\/\/www.fleximgroup.com\/news\/"},"modified":"2025-11-14T09:58:36","modified_gmt":"2025-11-14T09:58:36","slug":"news","status":"publish","type":"page","link":"https:\/\/www.fleximgroup.com\/fr\/news\/","title":{"rendered":"News"},"content":{"rendered":"\t\t<div data-elementor-type=\"wp-page\" data-elementor-id=\"4539\" class=\"elementor elementor-4539 elementor-42\" data-elementor-post-type=\"page\">\n\t\t\t\t\t\t<section class=\"elementor-section elementor-top-section elementor-element elementor-element-57b8204 elementor-section-full_width elementor-section-height-default elementor-section-height-default\" data-id=\"57b8204\" data-element_type=\"section\" data-e-type=\"section\">\n\t\t\t\t\t\t<div class=\"elementor-container elementor-column-gap-no\">\n\t\t\t\t\t<div class=\"elementor-column elementor-col-100 elementor-top-column elementor-element elementor-element-183fabf\" data-id=\"183fabf\" data-element_type=\"column\" data-e-type=\"column\">\n\t\t\t<div class=\"elementor-widget-wrap elementor-element-populated\">\n\t\t\t\t\t\t<div class=\"elementor-element elementor-element-7290f786 elementor-widget elementor-widget-text-editor\" data-id=\"7290f786\" data-element_type=\"widget\" data-e-type=\"widget\" data-widget_type=\"text-editor.default\">\n\t\t\t\t<div class=\"elementor-widget-container\">\n\t\t\t\t\t\t\t\t\t<h2 class=\"fusion-responsive-typography-calculated\" data-fontsize=\"40\" data-lineheight=\"48px\"><span style=\"color: #da291c;\"><strong>Flexim Group<\/strong><\/span><br \/><span style=\"color: #000000;\"><strong>Derni\u00e8res news<\/strong><\/span><\/h2>\t\t\t\t\t\t\t\t<\/div>\n\t\t\t\t<\/div>\n\t\t\t\t<section class=\"elementor-section elementor-inner-section elementor-element elementor-element-e4a9fe8 elementor-section-full_width elementor-section-height-default elementor-section-height-default\" data-id=\"e4a9fe8\" data-element_type=\"section\" data-e-type=\"section\">\n\t\t\t\t\t\t<div class=\"elementor-container elementor-column-gap-no\">\n\t\t\t\t\t<div class=\"elementor-column elementor-col-100 elementor-inner-column elementor-element elementor-element-f132848 elementor-invisible\" data-id=\"f132848\" data-element_type=\"column\" data-e-type=\"column\" data-settings=\"{&quot;animation&quot;:&quot;fadeInUp&quot;}\">\n\t\t\t<div class=\"elementor-widget-wrap elementor-element-populated\">\n\t\t\t\t\t\t<div class=\"elementor-element elementor-element-374418f elementor-grid-3 elementor-grid-tablet-2 elementor-grid-mobile-1 elementor-posts--thumbnail-top elementor-widget elementor-widget-posts\" data-id=\"374418f\" data-element_type=\"widget\" data-e-type=\"widget\" data-settings=\"{&quot;classic_columns&quot;:&quot;3&quot;,&quot;classic_columns_tablet&quot;:&quot;2&quot;,&quot;classic_columns_mobile&quot;:&quot;1&quot;,&quot;classic_row_gap&quot;:{&quot;unit&quot;:&quot;px&quot;,&quot;size&quot;:35,&quot;sizes&quot;:[]},&quot;classic_row_gap_tablet&quot;:{&quot;unit&quot;:&quot;px&quot;,&quot;size&quot;:&quot;&quot;,&quot;sizes&quot;:[]},&quot;classic_row_gap_mobile&quot;:{&quot;unit&quot;:&quot;px&quot;,&quot;size&quot;:&quot;&quot;,&quot;sizes&quot;:[]}}\" data-widget_type=\"posts.classic\">\n\t\t\t\t<div class=\"elementor-widget-container\">\n\t\t\t\t\t\t\t<div class=\"elementor-posts-container elementor-posts elementor-posts--skin-classic elementor-grid\" role=\"list\">\n\t\t\t\t<article class=\"elementor-post elementor-grid-item post-13601 post type-post status-publish format-standard has-post-thumbnail hentry category-non-classifiee\" role=\"listitem\">\n\t\t\t\t<a class=\"elementor-post__thumbnail__link\" href=\"https:\/\/www.fleximgroup.com\/fr\/flexim-1eredes-fournisseurs-de-facility-management-2024\/\" tabindex=\"-1\" >\n\t\t\t<div class=\"elementor-post__thumbnail\"><img fetchpriority=\"high\" decoding=\"async\" width=\"800\" height=\"550\" src=\"https:\/\/www.fleximgroup.com\/wp-content\/uploads\/2025\/01\/1737647382974-1024x704.jpeg\" class=\"attachment-large size-large wp-image-13408\" alt=\"Top 3 facilitaire providers in Nederland\" srcset=\"https:\/\/www.fleximgroup.com\/wp-content\/uploads\/2025\/01\/1737647382974-1024x704.jpeg 1024w, https:\/\/www.fleximgroup.com\/wp-content\/uploads\/2025\/01\/1737647382974-300x206.jpeg 300w, https:\/\/www.fleximgroup.com\/wp-content\/uploads\/2025\/01\/1737647382974-768x528.jpeg 768w, https:\/\/www.fleximgroup.com\/wp-content\/uploads\/2025\/01\/1737647382974-1536x1056.jpeg 1536w, https:\/\/www.fleximgroup.com\/wp-content\/uploads\/2025\/01\/1737647382974.jpeg 2000w\" sizes=\"(max-width: 800px) 100vw, 800px\" \/><\/div>\n\t\t<\/a>\n\t\t\t\t<div class=\"elementor-post__text\">\n\t\t\t\t<h3 class=\"elementor-post__title\">\n\t\t\t<a href=\"https:\/\/www.fleximgroup.com\/fr\/flexim-1eredes-fournisseurs-de-facility-management-2024\/\" >\n\t\t\t\tFlexim se classe \u00e0 la 1\u00e8re et 3\u00e8me place dans l\u2019enqu\u00eate sur la performance des fournisseurs de Facility Management 2024\t\t\t<\/a>\n\t\t<\/h3>\n\t\t\t\t<div class=\"elementor-post__meta-data\">\n\t\t\t\t\t<span class=\"elementor-post-date\">\n\t\t\t17 mars 2025\t\t<\/span>\n\t\t\t\t<\/div>\n\t\t\t\t<div class=\"elementor-post__excerpt\">\n\t\t\t<p>Pour la septi\u00e8me ann\u00e9e cons\u00e9cutive, Hospitality Group a \u00e9tudi\u00e9 de mani\u00e8re objective et ind\u00e9pendante la performance des prestataires de services de gestion des installations aux<\/p>\n\t\t<\/div>\n\t\t\n\t\t<a class=\"elementor-post__read-more\" href=\"https:\/\/www.fleximgroup.com\/fr\/flexim-1eredes-fournisseurs-de-facility-management-2024\/\" aria-label=\"En savoir plus sur Flexim se classe \u00e0 la 1\u00e8re et 3\u00e8me place dans l\u2019enqu\u00eate sur la performance des fournisseurs de Facility Management 2024\" tabindex=\"-1\" >\n\t\t\tRead More...\t\t<\/a>\n\n\t\t\t\t<\/div>\n\t\t\t\t<\/article>\n\t\t\t\t<\/div>\n\t\t\n\t\t\t\t\t\t<\/div>\n\t\t\t\t<\/div>\n\t\t\t\t\t<\/div>\n\t\t<\/div>\n\t\t\t\t\t<\/div>\n\t\t<\/section>\n\t\t\t\t\t<\/div>\n\t\t<\/div>\n\t\t\t\t\t<\/div>\n\t\t<\/section>\n\t\t\t\t<section class=\"elementor-section elementor-top-section elementor-element elementor-element-9879eff elementor-section-full_width elementor-section-height-default elementor-section-height-default\" data-id=\"9879eff\" data-element_type=\"section\" data-e-type=\"section\">\n\t\t\t\t\t\t<div class=\"elementor-container elementor-column-gap-no\">\n\t\t\t\t\t<div class=\"elementor-column elementor-col-100 elementor-top-column elementor-element elementor-element-5088a2a\" data-id=\"5088a2a\" data-element_type=\"column\" data-e-type=\"column\">\n\t\t\t<div class=\"elementor-widget-wrap elementor-element-populated\">\n\t\t\t\t\t\t<div class=\"elementor-element elementor-element-8519369 elementor-widget elementor-widget-text-editor\" data-id=\"8519369\" data-element_type=\"widget\" data-e-type=\"widget\" data-widget_type=\"text-editor.default\">\n\t\t\t\t<div class=\"elementor-widget-container\">\n\t\t\t\t\t\t\t\t\t<h2 class=\"fusion-responsive-typography-calculated\" data-fontsize=\"40\" data-lineheight=\"48px\"><span style=\"color: #da291c;\"><strong>Flexim Group<\/strong><\/span><br \/><span style=\"color: #000000;\"><strong>M\u00e9dias sociaux<\/strong><\/span><\/h2>\t\t\t\t\t\t\t\t<\/div>\n\t\t\t\t<\/div>\n\t\t\t\t\t<\/div>\n\t\t<\/div>\n\t\t\t\t\t<\/div>\n\t\t<\/section>\n\t\t\t\t<section class=\"elementor-section elementor-top-section elementor-element elementor-element-531d3809 elementor-section-full_width elementor-section-height-default elementor-section-height-default\" data-id=\"531d3809\" data-element_type=\"section\" data-e-type=\"section\" data-settings=\"{&quot;background_background&quot;:&quot;classic&quot;}\">\n\t\t\t\t\t\t<div class=\"elementor-container elementor-column-gap-no\">\n\t\t\t\t\t<div class=\"elementor-column elementor-col-100 elementor-top-column elementor-element elementor-element-53af79be animated-slow elementor-invisible\" data-id=\"53af79be\" data-element_type=\"column\" data-e-type=\"column\" data-settings=\"{&quot;animation&quot;:&quot;fadeIn&quot;}\">\n\t\t\t<div class=\"elementor-widget-wrap elementor-element-populated\">\n\t\t\t\t\t\t<div class=\"elementor-element elementor-element-093c058 elementor-widget elementor-widget-text-editor\" data-id=\"093c058\" data-element_type=\"widget\" data-e-type=\"widget\" data-widget_type=\"text-editor.default\">\n\t\t\t\t<div class=\"elementor-widget-container\">\n\t\t\t\t\t\t\t\t\t<h2 class=\"fusion-responsive-typography-calculated\" data-fontsize=\"40\" data-lineheight=\"48px\"><span style=\"color: #da291c;\"><strong>Flexim Group<\/strong><\/span><br \/><span style=\"color: #000000;\"><strong>Rapport annuel<\/strong><\/span><\/h2>\t\t\t\t\t\t\t\t<\/div>\n\t\t\t\t<\/div>\n\t\t\t\t<div class=\"elementor-element elementor-element-2ad528b6 elementor-widget elementor-widget-text-editor\" data-id=\"2ad528b6\" data-element_type=\"widget\" data-e-type=\"widget\" data-widget_type=\"text-editor.default\">\n\t\t\t\t<div class=\"elementor-widget-container\">\n\t\t\t\t\t\t\t\t\t<p>L&rsquo;ann\u00e9e \u00e9coul\u00e9e a \u00e9t\u00e9 couronn\u00e9e de succ\u00e8s pour le groupe Flexim &#8211; gr\u00e2ce \u00e0 la r\u00e9sistance de notre personnel d\u00e9vou\u00e9 et \u00e0 sa v\u00e9ritable passion pour le service, nous avons r\u00e9ussi \u00e0 d\u00e9passer nos pr\u00e9c\u00e9dents sommets en termes de performance malgr\u00e9 les turbulences de la crise Covid.<\/p>\t\t\t\t\t\t\t\t<\/div>\n\t\t\t\t<\/div>\n\t\t\t\t<div class=\"elementor-element elementor-element-32ee577 elementor-align-left elementor-mobile-align-justify elementor-widget elementor-widget-button\" data-id=\"32ee577\" data-element_type=\"widget\" data-e-type=\"widget\" data-widget_type=\"button.default\">\n\t\t\t\t<div class=\"elementor-widget-container\">\n\t\t\t\t\t\t\t\t\t<div class=\"elementor-button-wrapper\">\n\t\t\t\t\t<a class=\"elementor-button elementor-button-link elementor-size-sm elementor-animation-grow\" href=\"https:\/\/www.fleximgroup.com\/wp-content\/uploads\/2024\/09\/Flexim_AnnualReport_23.pdf\" target=\"_blank\">\n\t\t\t\t\t\t<span class=\"elementor-button-content-wrapper\">\n\t\t\t\t\t\t\t\t\t<span class=\"elementor-button-text\">Lire notre rapport annuel 2023<\/span>\n\t\t\t\t\t<\/span>\n\t\t\t\t\t<\/a>\n\t\t\t\t<\/div>\n\t\t\t\t\t\t\t\t<\/div>\n\t\t\t\t<\/div>\n\t\t\t\t\t<\/div>\n\t\t<\/div>\n\t\t\t\t\t<\/div>\n\t\t<\/section>\n\t\t\t\t<section class=\"elementor-section elementor-top-section elementor-element elementor-element-156b28f6 elementor-section-full_width animated-slow elementor-section-height-default elementor-section-height-default elementor-invisible\" data-id=\"156b28f6\" data-element_type=\"section\" data-e-type=\"section\" data-settings=\"{&quot;background_background&quot;:&quot;classic&quot;,&quot;animation&quot;:&quot;fadeInUp&quot;}\">\n\t\t\t\t\t\t<div class=\"elementor-container elementor-column-gap-no\">\n\t\t\t\t\t<div class=\"elementor-column elementor-col-50 elementor-top-column elementor-element elementor-element-3bdd6846\" data-id=\"3bdd6846\" data-element_type=\"column\" data-e-type=\"column\">\n\t\t\t<div class=\"elementor-widget-wrap elementor-element-populated\">\n\t\t\t\t\t\t<div class=\"elementor-element elementor-element-de8ab7d elementor-widget elementor-widget-text-editor\" data-id=\"de8ab7d\" data-element_type=\"widget\" data-e-type=\"widget\" data-widget_type=\"text-editor.default\">\n\t\t\t\t<div class=\"elementor-widget-container\">\n\t\t\t\t\t\t\t\t\t<h4 class=\"fusion-responsive-typography-calculated\" data-fontsize=\"28\" data-lineheight=\"33.6px\">Informations de contact<\/h4>\t\t\t\t\t\t\t\t<\/div>\n\t\t\t\t<\/div>\n\t\t\t\t<div class=\"elementor-element elementor-element-26b91cf2 elementor-widget elementor-widget-text-editor\" data-id=\"26b91cf2\" data-element_type=\"widget\" data-e-type=\"widget\" data-widget_type=\"text-editor.default\">\n\t\t\t\t<div class=\"elementor-widget-container\">\n\t\t\t\t\t\t\t\t\t<p class=\"fusion-responsive-typography-calculated\" data-fontsize=\"28\" data-lineheight=\"33.6px\"><strong>Flexim Group SA<\/strong><br \/>Cour des Tanneurs 14<br \/>1095 Lutry, Suisse<\/p>\t\t\t\t\t\t\t\t<\/div>\n\t\t\t\t<\/div>\n\t\t\t\t<div class=\"elementor-element elementor-element-7f31c8e4 elementor-icon-list--layout-traditional elementor-list-item-link-full_width elementor-widget elementor-widget-icon-list\" data-id=\"7f31c8e4\" data-element_type=\"widget\" data-e-type=\"widget\" data-widget_type=\"icon-list.default\">\n\t\t\t\t<div class=\"elementor-widget-container\">\n\t\t\t\t\t\t\t<ul class=\"elementor-icon-list-items\">\n\t\t\t\t\t\t\t<li class=\"elementor-icon-list-item\">\n\t\t\t\t\t\t\t\t\t\t\t<span class=\"elementor-icon-list-icon\">\n\t\t\t\t\t\t\t<i aria-hidden=\"true\" class=\"fas fa-phone-alt\"><\/i>\t\t\t\t\t\t<\/span>\n\t\t\t\t\t\t\t\t\t\t<span class=\"elementor-icon-list-text\">+41 21 641 47 47<\/span>\n\t\t\t\t\t\t\t\t\t<\/li>\n\t\t\t\t\t\t\t\t<li class=\"elementor-icon-list-item\">\n\t\t\t\t\t\t\t\t\t\t\t<span class=\"elementor-icon-list-icon\">\n\t\t\t\t\t\t\t<i aria-hidden=\"true\" class=\"far fa-envelope\"><\/i>\t\t\t\t\t\t<\/span>\n\t\t\t\t\t\t\t\t\t\t<span class=\"elementor-icon-list-text\">info.ch@fleximgroup.com<\/span>\n\t\t\t\t\t\t\t\t\t<\/li>\n\t\t\t\t\t\t<\/ul>\n\t\t\t\t\t\t<\/div>\n\t\t\t\t<\/div>\n\t\t\t\t<div class=\"elementor-element elementor-element-788e4769 elementor-align-left elementor-widget elementor-widget-button\" data-id=\"788e4769\" data-element_type=\"widget\" data-e-type=\"widget\" data-widget_type=\"button.default\">\n\t\t\t\t<div class=\"elementor-widget-container\">\n\t\t\t\t\t\t\t\t\t<div class=\"elementor-button-wrapper\">\n\t\t\t\t\t<a class=\"elementor-button elementor-button-link elementor-size-md\" href=\"https:\/\/www.fleximgroup.com\/fr\/contact\">\n\t\t\t\t\t\t<span class=\"elementor-button-content-wrapper\">\n\t\t\t\t\t\t\t\t\t<span class=\"elementor-button-text\">Nous contacter <\/span>\n\t\t\t\t\t<\/span>\n\t\t\t\t\t<\/a>\n\t\t\t\t<\/div>\n\t\t\t\t\t\t\t\t<\/div>\n\t\t\t\t<\/div>\n\t\t\t\t\t<\/div>\n\t\t<\/div>\n\t\t\t\t<div class=\"elementor-column elementor-col-50 elementor-top-column elementor-element elementor-element-1cbf32be\" data-id=\"1cbf32be\" data-element_type=\"column\" data-e-type=\"column\">\n\t\t\t<div class=\"elementor-widget-wrap elementor-element-populated\">\n\t\t\t\t\t\t<div class=\"elementor-element elementor-element-744dd0d4 elementor-widget elementor-widget-text-editor\" data-id=\"744dd0d4\" data-element_type=\"widget\" data-e-type=\"widget\" data-widget_type=\"text-editor.default\">\n\t\t\t\t<div class=\"elementor-widget-container\">\n\t\t\t\t\t\t\t\t\t<h4 class=\"fusion-responsive-typography-calculated\" data-fontsize=\"28\" data-lineheight=\"33.6px\">Suivez-nous sur LinkedIn<\/h4>\t\t\t\t\t\t\t\t<\/div>\n\t\t\t\t<\/div>\n\t\t\t\t<div class=\"elementor-element elementor-element-549b1f28 elementor-icon-list--layout-traditional elementor-list-item-link-full_width elementor-widget elementor-widget-icon-list\" data-id=\"549b1f28\" data-element_type=\"widget\" data-e-type=\"widget\" data-widget_type=\"icon-list.default\">\n\t\t\t\t<div class=\"elementor-widget-container\">\n\t\t\t\t\t\t\t<ul class=\"elementor-icon-list-items\">\n\t\t\t\t\t\t\t<li class=\"elementor-icon-list-item\">\n\t\t\t\t\t\t\t\t\t\t\t<a href=\"https:\/\/www.linkedin.com\/company\/flexim-international-sa\">\n\n\t\t\t\t\t\t\t\t\t\t\t\t<span class=\"elementor-icon-list-icon\">\n\t\t\t\t\t\t\t<i aria-hidden=\"true\" class=\"fab fa-linkedin\"><\/i>\t\t\t\t\t\t<\/span>\n\t\t\t\t\t\t\t\t\t\t<span class=\"elementor-icon-list-text\">Suivez-nous sur LinkedIn pour rester inform\u00e9 des derniers articles, trucs et astuces et conseils pour optimiser votre organisation. <\/span>\n\t\t\t\t\t\t\t\t\t\t\t<\/a>\n\t\t\t\t\t\t\t\t\t<\/li>\n\t\t\t\t\t\t<\/ul>\n\t\t\t\t\t\t<\/div>\n\t\t\t\t<\/div>\n\t\t\t\t<div class=\"elementor-element elementor-element-352df3e2 elementor-icon-list--layout-traditional elementor-list-item-link-full_width elementor-widget elementor-widget-icon-list\" data-id=\"352df3e2\" data-element_type=\"widget\" data-e-type=\"widget\" data-widget_type=\"icon-list.default\">\n\t\t\t\t<div class=\"elementor-widget-container\">\n\t\t\t\t\t\t\t<ul class=\"elementor-icon-list-items\">\n\t\t\t\t\t\t\t<li class=\"elementor-icon-list-item\">\n\t\t\t\t\t\t\t\t\t\t\t<a href=\"https:\/\/www.fleximgroup.com\/fr\/privacy\">\n\n\t\t\t\t\t\t\t\t\t\t\t\t<span class=\"elementor-icon-list-icon\">\n\t\t\t\t\t\t\t<i aria-hidden=\"true\" class=\"fas fa-info-circle\"><\/i>\t\t\t\t\t\t<\/span>\n\t\t\t\t\t\t\t\t\t\t<span class=\"elementor-icon-list-text\">Confidentialit\u00e9<\/span>\n\t\t\t\t\t\t\t\t\t\t\t<\/a>\n\t\t\t\t\t\t\t\t\t<\/li>\n\t\t\t\t\t\t<\/ul>\n\t\t\t\t\t\t<\/div>\n\t\t\t\t<\/div>\n\t\t\t\t<div class=\"elementor-element elementor-element-64fb46f elementor-icon-list--layout-traditional elementor-list-item-link-full_width elementor-widget elementor-widget-icon-list\" data-id=\"64fb46f\" data-element_type=\"widget\" data-e-type=\"widget\" data-widget_type=\"icon-list.default\">\n\t\t\t\t<div class=\"elementor-widget-container\">\n\t\t\t\t\t\t\t<ul class=\"elementor-icon-list-items\">\n\t\t\t\t\t\t\t<li class=\"elementor-icon-list-item\">\n\t\t\t\t\t\t\t\t\t\t\t<a href=\"https:\/\/www.fleximgroup.com\/fr\/disclaimer\">\n\n\t\t\t\t\t\t\t\t\t\t\t\t<span class=\"elementor-icon-list-icon\">\n\t\t\t\t\t\t\t<i aria-hidden=\"true\" class=\"fas fa-info-circle\"><\/i>\t\t\t\t\t\t<\/span>\n\t\t\t\t\t\t\t\t\t\t<span class=\"elementor-icon-list-text\">Non-responsabilit\u00e9 <\/span>\n\t\t\t\t\t\t\t\t\t\t\t<\/a>\n\t\t\t\t\t\t\t\t\t<\/li>\n\t\t\t\t\t\t<\/ul>\n\t\t\t\t\t\t<\/div>\n\t\t\t\t<\/div>\n\t\t\t\t\t<\/div>\n\t\t<\/div>\n\t\t\t\t\t<\/div>\n\t\t<\/section>\n\t\t\t\t<\/div>\n\t\t","protected":false},"excerpt":{"rendered":"<p>Flexim GroupDerni\u00e8res news Flexim GroupM\u00e9dias sociaux Flexim GroupRapport annuel L&rsquo;ann\u00e9e \u00e9coul\u00e9e a \u00e9t\u00e9 couronn\u00e9e de succ\u00e8s pour le groupe Flexim &#8211; gr\u00e2ce \u00e0 la r\u00e9sistance de notre personnel d\u00e9vou\u00e9 et \u00e0 sa v\u00e9ritable passion pour le service, nous avons r\u00e9ussi \u00e0 d\u00e9passer nos pr\u00e9c\u00e9dents sommets en termes de performance malgr\u00e9 les turbulences de la crise [&hellip;]<\/p>\n","protected":false},"author":2,"featured_media":0,"parent":0,"menu_order":0,"comment_status":"closed","ping_status":"closed","template":"elementor_theme","meta":{"content-type":"","_monsterinsights_skip_tracking":false,"_monsterinsights_sitenote_active":false,"_monsterinsights_sitenote_note":"","_monsterinsights_sitenote_category":0,"footnotes":""},"class_list":["post-4539","page","type-page","status-publish","hentry"],"yoast_head":"<!-- This site is optimized with the Yoast SEO plugin v27.4 - https:\/\/yoast.com\/product\/yoast-seo-wordpress\/ -->\n<title>News - Flexim Group SA<\/title>\n<meta name=\"robots\" content=\"index, follow, max-snippet:-1, max-image-preview:large, max-video-preview:-1\" \/>\n<link rel=\"canonical\" href=\"https:\/\/www.fleximgroup.com\/fr\/news\/\" \/>\n<meta property=\"og:locale\" content=\"fr_FR\" \/>\n<meta property=\"og:type\" content=\"article\" \/>\n<meta property=\"og:title\" content=\"News - Flexim Group SA\" \/>\n<meta property=\"og:description\" content=\"Flexim GroupDerni\u00e8res news Flexim GroupM\u00e9dias sociaux Flexim GroupRapport annuel L&rsquo;ann\u00e9e \u00e9coul\u00e9e a \u00e9t\u00e9 couronn\u00e9e de succ\u00e8s pour le groupe Flexim &#8211; gr\u00e2ce \u00e0 la r\u00e9sistance de notre personnel d\u00e9vou\u00e9 et \u00e0 sa v\u00e9ritable passion pour le service, nous avons r\u00e9ussi \u00e0 d\u00e9passer nos pr\u00e9c\u00e9dents sommets en termes de performance malgr\u00e9 les turbulences de la crise [&hellip;]\" \/>\n<meta property=\"og:url\" content=\"https:\/\/www.fleximgroup.com\/fr\/news\/\" \/>\n<meta property=\"og:site_name\" content=\"Flexim Group SA\" \/>\n<meta property=\"article:modified_time\" content=\"2025-11-14T09:58:36+00:00\" \/>\n<meta name=\"twitter:card\" content=\"summary_large_image\" \/>\n<script type=\"application\/ld+json\" class=\"yoast-schema-graph\">{\"@context\":\"https:\\\/\\\/schema.org\",\"@graph\":[{\"@type\":\"WebPage\",\"@id\":\"https:\\\/\\\/www.fleximgroup.com\\\/fr\\\/news\\\/\",\"url\":\"https:\\\/\\\/www.fleximgroup.com\\\/fr\\\/news\\\/\",\"name\":\"News - Flexim Group SA\",\"isPartOf\":{\"@id\":\"https:\\\/\\\/www.fleximgroup.com\\\/fr\\\/#website\"},\"datePublished\":\"2021-07-22T13:12:42+00:00\",\"dateModified\":\"2025-11-14T09:58:36+00:00\",\"breadcrumb\":{\"@id\":\"https:\\\/\\\/www.fleximgroup.com\\\/fr\\\/news\\\/#breadcrumb\"},\"inLanguage\":\"fr-FR\",\"potentialAction\":[{\"@type\":\"ReadAction\",\"target\":[\"https:\\\/\\\/www.fleximgroup.com\\\/fr\\\/news\\\/\"]}]},{\"@type\":\"BreadcrumbList\",\"@id\":\"https:\\\/\\\/www.fleximgroup.com\\\/fr\\\/news\\\/#breadcrumb\",\"itemListElement\":[{\"@type\":\"ListItem\",\"position\":1,\"name\":\"Home\",\"item\":\"https:\\\/\\\/www.fleximgroup.com\\\/fr\\\/\"},{\"@type\":\"ListItem\",\"position\":2,\"name\":\"News\"}]},{\"@type\":\"WebSite\",\"@id\":\"https:\\\/\\\/www.fleximgroup.com\\\/fr\\\/#website\",\"url\":\"https:\\\/\\\/www.fleximgroup.com\\\/fr\\\/\",\"name\":\"Flexim Group SA\",\"description\":\"\",\"potentialAction\":[{\"@type\":\"SearchAction\",\"target\":{\"@type\":\"EntryPoint\",\"urlTemplate\":\"https:\\\/\\\/www.fleximgroup.com\\\/fr\\\/?s={search_term_string}\"},\"query-input\":{\"@type\":\"PropertyValueSpecification\",\"valueRequired\":true,\"valueName\":\"search_term_string\"}}],\"inLanguage\":\"fr-FR\"}]}<\/script>\n<!-- \/ Yoast SEO plugin. -->","yoast_head_json":{"title":"News - Flexim Group SA","robots":{"index":"index","follow":"follow","max-snippet":"max-snippet:-1","max-image-preview":"max-image-preview:large","max-video-preview":"max-video-preview:-1"},"canonical":"https:\/\/www.fleximgroup.com\/fr\/news\/","og_locale":"fr_FR","og_type":"article","og_title":"News - Flexim Group SA","og_description":"Flexim GroupDerni\u00e8res news Flexim GroupM\u00e9dias sociaux Flexim GroupRapport annuel L&rsquo;ann\u00e9e \u00e9coul\u00e9e a \u00e9t\u00e9 couronn\u00e9e de succ\u00e8s pour le groupe Flexim &#8211; gr\u00e2ce \u00e0 la r\u00e9sistance de notre personnel d\u00e9vou\u00e9 et \u00e0 sa v\u00e9ritable passion pour le service, nous avons r\u00e9ussi \u00e0 d\u00e9passer nos pr\u00e9c\u00e9dents sommets en termes de performance malgr\u00e9 les turbulences de la crise [&hellip;]","og_url":"https:\/\/www.fleximgroup.com\/fr\/news\/","og_site_name":"Flexim Group SA","article_modified_time":"2025-11-14T09:58:36+00:00","twitter_card":"summary_large_image","schema":{"@context":"https:\/\/schema.org","@graph":[{"@type":"WebPage","@id":"https:\/\/www.fleximgroup.com\/fr\/news\/","url":"https:\/\/www.fleximgroup.com\/fr\/news\/","name":"News - Flexim Group SA","isPartOf":{"@id":"https:\/\/www.fleximgroup.com\/fr\/#website"},"datePublished":"2021-07-22T13:12:42+00:00","dateModified":"2025-11-14T09:58:36+00:00","breadcrumb":{"@id":"https:\/\/www.fleximgroup.com\/fr\/news\/#breadcrumb"},"inLanguage":"fr-FR","potentialAction":[{"@type":"ReadAction","target":["https:\/\/www.fleximgroup.com\/fr\/news\/"]}]},{"@type":"BreadcrumbList","@id":"https:\/\/www.fleximgroup.com\/fr\/news\/#breadcrumb","itemListElement":[{"@type":"ListItem","position":1,"name":"Home","item":"https:\/\/www.fleximgroup.com\/fr\/"},{"@type":"ListItem","position":2,"name":"News"}]},{"@type":"WebSite","@id":"https:\/\/www.fleximgroup.com\/fr\/#website","url":"https:\/\/www.fleximgroup.com\/fr\/","name":"Flexim Group SA","description":"","potentialAction":[{"@type":"SearchAction","target":{"@type":"EntryPoint","urlTemplate":"https:\/\/www.fleximgroup.com\/fr\/?s={search_term_string}"},"query-input":{"@type":"PropertyValueSpecification","valueRequired":true,"valueName":"search_term_string"}}],"inLanguage":"fr-FR"}]}},"_links":{"self":[{"href":"https:\/\/www.fleximgroup.com\/fr\/wp-json\/wp\/v2\/pages\/4539","targetHints":{"allow":["GET"]}}],"collection":[{"href":"https:\/\/www.fleximgroup.com\/fr\/wp-json\/wp\/v2\/pages"}],"about":[{"href":"https:\/\/www.fleximgroup.com\/fr\/wp-json\/wp\/v2\/types\/page"}],"author":[{"embeddable":true,"href":"https:\/\/www.fleximgroup.com\/fr\/wp-json\/wp\/v2\/users\/2"}],"replies":[{"embeddable":true,"href":"https:\/\/www.fleximgroup.com\/fr\/wp-json\/wp\/v2\/comments?post=4539"}],"version-history":[{"count":9,"href":"https:\/\/www.fleximgroup.com\/fr\/wp-json\/wp\/v2\/pages\/4539\/revisions"}],"predecessor-version":[{"id":14216,"href":"https:\/\/www.fleximgroup.com\/fr\/wp-json\/wp\/v2\/pages\/4539\/revisions\/14216"}],"wp:attachment":[{"href":"https:\/\/www.fleximgroup.com\/fr\/wp-json\/wp\/v2\/media?parent=4539"}],"curies":[{"name":"wp","href":"https:\/\/api.w.org\/{rel}","templated":true}]}}